{"id":10,"date":"2019-11-25T19:12:39","date_gmt":"2019-11-25T19:12:39","guid":{"rendered":"https:\/\/www.sport-muehlstrasser.de\/?page_id=10"},"modified":"2026-03-16T12:26:41","modified_gmt":"2026-03-16T11:26:41","slug":"startseite","status":"publish","type":"page","link":"https:\/\/www.sport-muehlstrasser.de\/index.php\/startseite\/","title":{"rendered":"Startseite"},"content":{"rendered":"\t\t<div data-elementor-type=\"wp-page\" data-elementor-id=\"10\" class=\"elementor elementor-10\" data-elementor-post-type=\"page\">\n\t\t\t\t<div class=\"elementor-element elementor-element-779cf2d9 e-flex e-con-boxed wpr-particle-no wpr-jarallax-no wpr-parallax-no wpr-sticky-section-no wpr-equal-height-no e-con e-parent\" data-id=\"779cf2d9\" data-element_type=\"container\" data-e-type=\"container\">\n\t\t\t\t\t<div class=\"e-con-inner\">\n\t\t\t\t<div class=\"elementor-element elementor-element-be22459 elementor-widget elementor-widget-heading\" data-id=\"be22459\" data-element_type=\"widget\" data-e-type=\"widget\" data-widget_type=\"heading.default\">\n\t\t\t\t<div class=\"elementor-widget-container\">\n\t\t\t\t\t<h1 class=\"elementor-heading-title elementor-size-default\"><b><u><i>Herzlich Willkommen im Sporthaus M\u00fchlstrasser-<\/i><\/u><\/b><\/h1>\t\t\t\t<\/div>\n\t\t\t\t<\/div>\n\t\t\t\t<div class=\"elementor-element elementor-element-059c30c elementor-widget elementor-widget-heading\" data-id=\"059c30c\" data-element_type=\"widget\" data-e-type=\"widget\" data-widget_type=\"heading.default\">\n\t\t\t\t<div class=\"elementor-widget-container\">\n\t\t\t\t\t<h2 class=\"elementor-heading-title elementor-size-default\"><b><u><i>das Sportgesch\u00e4ft im Zentrum von Oberammergau<\/i><\/u><\/b><\/h2>\t\t\t\t<\/div>\n\t\t\t\t<\/div>\n\t\t\t\t<div class=\"elementor-element elementor-element-315a9ebe elementor-widget elementor-widget-text-editor\" data-id=\"315a9ebe\" data-element_type=\"widget\" data-e-type=\"widget\" data-widget_type=\"text-editor.default\">\n\t\t\t\t<div class=\"elementor-widget-container\">\n\t\t\t\t\t\t\t\t\t<p><strong>Direkt am Dorfplatz freut sich Oberammergaus traditionsreichstes Sportfachgesch\u00e4ft (INTERSPORT-Verbund) auf Ihren Besuch<\/strong><\/p><p style=\"text-align: center;\"><strong>Im Sommer liegt der Schwerpunkt auf Outdoor und Bergsport, im Winter finden Sie eine umfangreiche Langlauf-Auswahl, Alpin- und Sportbekleidung. Au\u00dferdem erwartet Sie ein Skiverleih im Dorfzentrum sowie ein Skiverleih direkt im Skigebiet f\u00fcr Alpin und Langlauf(nur im Dorfzentrum) sowie ein gro\u00dfer E-Bike- und Fahrradverleih.<\/strong><\/p><p style=\"text-align: center;\"><strong>Wir freuen uns auf euren Besuch.<\/strong><\/p>\t\t\t\t\t\t\t\t<\/div>\n\t\t\t\t<\/div>\n\t\t\t\t\t<\/div>\n\t\t\t\t<\/div>\n\t\t<div class=\"elementor-element elementor-element-a03523e e-flex e-con-boxed wpr-particle-no wpr-jarallax-no wpr-parallax-no wpr-sticky-section-no wpr-equal-height-no e-con e-parent\" data-id=\"a03523e\" data-element_type=\"container\" data-e-type=\"container\">\n\t\t\t\t\t<div class=\"e-con-inner\">\n\t\t\t\t<div class=\"elementor-element elementor-element-95bb89f elementor-widget elementor-widget-heading\" data-id=\"95bb89f\" data-element_type=\"widget\" data-e-type=\"widget\" data-widget_type=\"heading.default\">\n\t\t\t\t<div class=\"elementor-widget-container\">\n\t\t\t\t\t<h1 class=\"elementor-heading-title elementor-size-default\"><u><i><b>E-Bike Verleih Oberammergau<\/b><\/i><\/u><br><\/h1>\t\t\t\t<\/div>\n\t\t\t\t<\/div>\n\t\t\t\t<div class=\"elementor-element elementor-element-4a2b3a9 elementor-widget elementor-widget-heading\" data-id=\"4a2b3a9\" data-element_type=\"widget\" data-e-type=\"widget\" data-widget_type=\"heading.default\">\n\t\t\t\t<div class=\"elementor-widget-container\">\n\t\t\t\t\t<h2 class=\"elementor-heading-title elementor-size-default\"><a href=\"https:\/\/rmxob.shop\/Main.aspx?shopid=249540a5-4f6f-481e-8b85-7833a66b6270&#038;shopmode=0\"><b>Hier gehts zur Online-Buchung Fahrradverleih<\/b><\/a><\/h2>\t\t\t\t<\/div>\n\t\t\t\t<\/div>\n\t\t\t\t\t<\/div>\n\t\t\t\t<\/div>\n\t\t\t\t<\/div>\n\t\t","protected":false},"excerpt":{"rendered":"<p>Herzlich Willkommen im Sporthaus M\u00fchlstrasser- das Sportgesch\u00e4ft im Zentrum von Oberammergau Direkt am Dorfplatz freut sich Oberammergaus traditionsreichstes Sportfachgesch\u00e4ft (INTERSPORT-Verbund) auf Ihren Besuch Im Sommer liegt der Schwerpunkt auf Outdoor und Bergsport, im Winter finden Sie eine umfangreiche Langlauf-Auswahl, Alpin- und Sportbekleidung. Au\u00dferdem erwartet Sie ein Skiverleih im Dorfzentrum sowie ein Skiverleih direkt im Skigebiet f\u00fcr Alpin und Langlauf(nur im Dorfzentrum) sowie ein gro\u00dfer E-Bike- und Fahrradverleih. Wir freuen uns auf euren Besuch. E-Bike Verleih Oberammergau Hier gehts zur Online-Buchung Fahrradverleih<\/p>\n","protected":false},"author":1,"featured_media":0,"parent":0,"menu_order":0,"comment_status":"closed","ping_status":"closed","template":"","meta":{"footnotes":""},"class_list":["post-10","page","type-page","status-publish","hentry"],"_links":{"self":[{"href":"https:\/\/www.sport-muehlstrasser.de\/index.php\/wp-json\/wp\/v2\/pages\/10","targetHints":{"allow":["GET"]}}],"collection":[{"href":"https:\/\/www.sport-muehlstrasser.de\/index.php\/wp-json\/wp\/v2\/pages"}],"about":[{"href":"https:\/\/www.sport-muehlstrasser.de\/index.php\/wp-json\/wp\/v2\/types\/page"}],"author":[{"embeddable":true,"href":"https:\/\/www.sport-muehlstrasser.de\/index.php\/wp-json\/wp\/v2\/users\/1"}],"replies":[{"embeddable":true,"href":"https:\/\/www.sport-muehlstrasser.de\/index.php\/wp-json\/wp\/v2\/comments?post=10"}],"version-history":[{"count":258,"href":"https:\/\/www.sport-muehlstrasser.de\/index.php\/wp-json\/wp\/v2\/pages\/10\/revisions"}],"predecessor-version":[{"id":1641,"href":"https:\/\/www.sport-muehlstrasser.de\/index.php\/wp-json\/wp\/v2\/pages\/10\/revisions\/1641"}],"wp:attachment":[{"href":"https:\/\/www.sport-muehlstrasser.de\/index.php\/wp-json\/wp\/v2\/media?parent=10"}],"curies":[{"name":"wp","href":"https:\/\/api.w.org\/{rel}","templated":true}]}}